{"id":135,"date":"2022-04-25T13:14:20","date_gmt":"2022-04-25T13:14:20","guid":{"rendered":"https:\/\/groupesierra.com\/?page_id=135"},"modified":"2024-12-04T14:46:16","modified_gmt":"2024-12-04T14:46:16","slug":"nos-partenaires","status":"publish","type":"page","link":"https:\/\/groupesierra.com\/en\/nos-partenaires\/","title":{"rendered":"OUR PARTNERS"},"content":{"rendered":"<style>.elementor-135 .elementor-element.elementor-element-29f124a3:not(.elementor-motion-effects-element-type-background), .elementor-135 .elementor-element.elementor-element-29f124a3 > .elementor-motion-effects-container > .elementor-motion-effects-layer{background-color:var( --e-global-color-primary );background-image:url(\"https:\/\/groupesierra.com\/wp-content\/uploads\/2023\/02\/le-mirage-3-e1733242493452.jpg\");background-position:0px -398px;background-size:cover;}.elementor-135 .elementor-element.elementor-element-29f124a3{transition:background 0.3s, border 0.3s, border-radius 0.3s, box-shadow 0.3s;}.elementor-135 .elementor-element.elementor-element-29f124a3 > .elementor-background-overlay{transition:background 0.3s, border-radius 0.3s, opacity 0.3s;}.elementor-135 .elementor-element.elementor-element-36c8913{--spacer-size:340px;}.elementor-135 .elementor-element.elementor-element-883dbe2{--spacer-size:26px;}.elementor-135 .elementor-element.elementor-element-d222086{text-align:center;}.elementor-135 .elementor-element.elementor-element-d222086 .elementor-heading-title{font-family:\"Aboreto\", Sans-serif;font-size:56px;}.elementor-135 .elementor-element.elementor-element-d222086 > .elementor-widget-container{margin:32px 32px 32px 32px;}.elementor-135 .elementor-element.elementor-element-06dc96b{text-align:center;font-size:19px;}.elementor-135 .elementor-element.elementor-element-06dc96b > .elementor-widget-container{margin:-48px -48px -48px -48px;padding:49px 49px 49px 49px;}.elementor-135 .elementor-element.elementor-element-60483b7{--divider-border-style:solid;--divider-color:#000;--divider-border-width:1px;}.elementor-135 .elementor-element.elementor-element-60483b7 .elementor-divider-separator{width:100%;}.elementor-135 .elementor-element.elementor-element-60483b7 .elementor-divider{padding-block-start:15px;padding-block-end:15px;}.elementor-135 .elementor-element.elementor-element-ccf92b9 > .elementor-widget-container{margin:12px 12px 12px 12px;}@media(max-width:1024px){.elementor-135 .elementor-element.elementor-element-29f124a3:not(.elementor-motion-effects-element-type-background), .elementor-135 .elementor-element.elementor-element-29f124a3 > .elementor-motion-effects-container > .elementor-motion-effects-layer{background-position:0px 0px;}}@media(max-width:767px){.elementor-135 .elementor-element.elementor-element-29f124a3:not(.elementor-motion-effects-element-type-background), .elementor-135 .elementor-element.elementor-element-29f124a3 > .elementor-motion-effects-container > .elementor-motion-effects-layer{background-position:top center;background-size:cover;}}<\/style>\t\t<div data-elementor-type=\"wp-page\" data-elementor-id=\"135\" class=\"elementor elementor-135\" data-elementor-post-type=\"page\">\n\t\t\t\t\t\t<section data-particle_enable=\"false\" data-particle-mobile-disabled=\"false\" class=\"elementor-section elementor-top-section elementor-element elementor-element-29f124a3 elementor-section-boxed elementor-section-height-default elementor-section-height-default\" data-id=\"29f124a3\" data-element_type=\"section\" data-e-type=\"section\" data-settings=\"{&quot;background_background&quot;:&quot;classic&quot;}\">\n\t\t\t\t\t\t<div class=\"elementor-container elementor-column-gap-default\">\n\t\t\t\t\t<div class=\"elementor-column elementor-col-100 elementor-top-column elementor-element elementor-element-87dc97a\" data-id=\"87dc97a\" data-element_type=\"column\" data-e-type=\"column\">\n\t\t\t<div class=\"elementor-widget-wrap elementor-element-populated\">\n\t\t\t\t\t\t<div class=\"elementor-element elementor-element-36c8913 elementor-widget elementor-widget-spacer\" data-id=\"36c8913\" data-element_type=\"widget\" data-e-type=\"widget\" data-widget_type=\"spacer.default\">\n\t\t\t\t<div class=\"elementor-widget-container\">\n\t\t\t\t\t\t\t<div class=\"elementor-spacer\">\n\t\t\t<div class=\"elementor-spacer-inner\"><\/div>\n\t\t<\/div>\n\t\t\t\t\t\t<\/div>\n\t\t\t\t<\/div>\n\t\t\t\t\t<\/div>\n\t\t<\/div>\n\t\t\t\t\t<\/div>\n\t\t<\/section>\n\t\t\t\t<section data-particle_enable=\"false\" data-particle-mobile-disabled=\"false\" class=\"elementor-section elementor-top-section elementor-element elementor-element-a29e45c elementor-section-boxed elementor-section-height-default elementor-section-height-default\" data-id=\"a29e45c\" data-element_type=\"section\" data-e-type=\"section\">\n\t\t\t\t\t\t<div class=\"elementor-container elementor-column-gap-default\">\n\t\t\t\t\t<div class=\"elementor-column elementor-col-100 elementor-top-column elementor-element elementor-element-f5c4054\" data-id=\"f5c4054\" data-element_type=\"column\" data-e-type=\"column\">\n\t\t\t<div class=\"elementor-widget-wrap elementor-element-populated\">\n\t\t\t\t\t\t<div class=\"elementor-element elementor-element-883dbe2 elementor-widget elementor-widget-spacer\" data-id=\"883dbe2\" data-element_type=\"widget\" data-e-type=\"widget\" data-widget_type=\"spacer.default\">\n\t\t\t\t<div class=\"elementor-widget-container\">\n\t\t\t\t\t\t\t<div class=\"elementor-spacer\">\n\t\t\t<div class=\"elementor-spacer-inner\"><\/div>\n\t\t<\/div>\n\t\t\t\t\t\t<\/div>\n\t\t\t\t<\/div>\n\t\t\t\t<div class=\"elementor-element elementor-element-d222086 elementor-widget elementor-widget-heading\" data-id=\"d222086\" data-element_type=\"widget\" data-e-type=\"widget\" data-widget_type=\"heading.default\">\n\t\t\t\t<div class=\"elementor-widget-container\">\n\t\t\t\t\t<h2 class=\"elementor-heading-title elementor-size-default\">OUR PARTNERS<\/h2>\t\t\t\t<\/div>\n\t\t\t\t<\/div>\n\t\t\t\t\t<\/div>\n\t\t<\/div>\n\t\t\t\t\t<\/div>\n\t\t<\/section>\n\t\t\t\t<section data-particle_enable=\"false\" data-particle-mobile-disabled=\"false\" class=\"elementor-section elementor-top-section elementor-element elementor-element-73db2c2 elementor-section-boxed elementor-section-height-default elementor-section-height-default\" data-id=\"73db2c2\" data-element_type=\"section\" data-e-type=\"section\">\n\t\t\t\t\t\t<div class=\"elementor-container elementor-column-gap-default\">\n\t\t\t\t\t<div class=\"elementor-column elementor-col-100 elementor-top-column elementor-element elementor-element-57d0749\" data-id=\"57d0749\" data-element_type=\"column\" data-e-type=\"column\">\n\t\t\t<div class=\"elementor-widget-wrap elementor-element-populated\">\n\t\t\t\t\t\t<div class=\"elementor-element elementor-element-06dc96b elementor-widget elementor-widget-text-editor\" data-id=\"06dc96b\" data-element_type=\"widget\" data-e-type=\"widget\" data-widget_type=\"text-editor.default\">\n\t\t\t\t<div class=\"elementor-widget-container\">\n\t\t\t\t\t\t\t\t\t<p>The <strong>Sierra Group<\/strong> has surrounded itself with carefully selected partners who share not only professional values rooted in excellence and rigour, but also strong personal convictions when it comes to environmental respect and sustainable development.<\/p>\n<p>This collaboration with dedicated experts allows Groupe Sierra to deliver high-quality real estate projects designed to last and blend seamlessly into their surroundings. Every decision, from design to completion, reflects a deep respect for natural resources and a commitment to creating responsible, sustainable living spaces.<\/p>\t\t\t\t\t\t\t\t<\/div>\n\t\t\t\t<\/div>\n\t\t\t\t<div class=\"elementor-element elementor-element-60483b7 elementor-widget-divider--view-line elementor-widget elementor-widget-divider\" data-id=\"60483b7\" data-element_type=\"widget\" data-e-type=\"widget\" data-widget_type=\"divider.default\">\n\t\t\t\t<div class=\"elementor-widget-container\">\n\t\t\t\t\t\t\t<div class=\"elementor-divider\">\n\t\t\t<span class=\"elementor-divider-separator\">\n\t\t\t\t\t\t<\/span>\n\t\t<\/div>\n\t\t\t\t\t\t<\/div>\n\t\t\t\t<\/div>\n\t\t\t\t\t<\/div>\n\t\t<\/div>\n\t\t\t\t\t<\/div>\n\t\t<\/section>\n\t\t\t\t<section data-particle_enable=\"false\" data-particle-mobile-disabled=\"false\" class=\"elementor-section elementor-top-section elementor-element elementor-element-77301c9 elementor-section-boxed elementor-section-height-default elementor-section-height-default\" data-id=\"77301c9\" data-element_type=\"section\" data-e-type=\"section\">\n\t\t\t\t\t\t<div class=\"elementor-container elementor-column-gap-default\">\n\t\t\t\t\t<div class=\"elementor-column elementor-col-100 elementor-top-column elementor-element elementor-element-61d0253\" data-id=\"61d0253\" data-element_type=\"column\" data-e-type=\"column\">\n\t\t\t<div class=\"elementor-widget-wrap elementor-element-populated\">\n\t\t\t\t\t\t<div class=\"elementor-element elementor-element-ccf92b9 elementor-widget elementor-widget-image\" data-id=\"ccf92b9\" data-element_type=\"widget\" data-e-type=\"widget\" data-widget_type=\"image.default\">\n\t\t\t\t<div class=\"elementor-widget-container\">\n\t\t\t\t\t\t\t\t\t\t\t\t\t\t\t<img fetchpriority=\"high\" decoding=\"async\" width=\"800\" height=\"927\" src=\"https:\/\/groupesierra.com\/wp-content\/uploads\/2024\/12\/partnersSierra-884x1024.png\" class=\"attachment-large size-large wp-image-5449\" alt=\"\" srcset=\"https:\/\/groupesierra.com\/wp-content\/uploads\/2024\/12\/partnersSierra-884x1024.png 884w, https:\/\/groupesierra.com\/wp-content\/uploads\/2024\/12\/partnersSierra-259x300.png 259w, https:\/\/groupesierra.com\/wp-content\/uploads\/2024\/12\/partnersSierra-768x890.png 768w, https:\/\/groupesierra.com\/wp-content\/uploads\/2024\/12\/partnersSierra-1326x1536.png 1326w, https:\/\/groupesierra.com\/wp-content\/uploads\/2024\/12\/partnersSierra-1767x2048.png 1767w\" sizes=\"(max-width: 800px) 100vw, 800px\" \/>\t\t\t\t\t\t\t\t\t\t\t\t\t\t\t<\/div>\n\t\t\t\t<\/div>\n\t\t\t\t\t<\/div>\n\t\t<\/div>\n\t\t\t\t\t<\/div>\n\t\t<\/section>\n\t\t\t\t<\/div>","protected":false},"excerpt":{"rendered":"<p>NOS PARTENAIRES Le Groupe Sierra a su s\u2019entourer de partenaires soigneusement s\u00e9lectionn\u00e9s, qui partagent non seulement des valeurs professionnelles ax\u00e9es sur l\u2019excellence et la rigueur, mais aussi des convictions personnelles fortes en mati\u00e8re de respect de l\u2019environnement et de d\u00e9veloppement durable. Cette collaboration avec des experts engag\u00e9s permet au Groupe Sierra de garantir des projets [&hellip;]<\/p>\n","protected":false},"author":12,"featured_media":0,"parent":0,"menu_order":0,"comment_status":"closed","ping_status":"closed","template":"","meta":{"footnotes":""},"class_list":["post-135","page","type-page","status-publish","hentry"],"_links":{"self":[{"href":"https:\/\/groupesierra.com\/en\/wp-json\/wp\/v2\/pages\/135","targetHints":{"allow":["GET"]}}],"collection":[{"href":"https:\/\/groupesierra.com\/en\/wp-json\/wp\/v2\/pages"}],"about":[{"href":"https:\/\/groupesierra.com\/en\/wp-json\/wp\/v2\/types\/page"}],"author":[{"embeddable":true,"href":"https:\/\/groupesierra.com\/en\/wp-json\/wp\/v2\/users\/12"}],"replies":[{"embeddable":true,"href":"https:\/\/groupesierra.com\/en\/wp-json\/wp\/v2\/comments?post=135"}],"version-history":[{"count":79,"href":"https:\/\/groupesierra.com\/en\/wp-json\/wp\/v2\/pages\/135\/revisions"}],"predecessor-version":[{"id":5452,"href":"https:\/\/groupesierra.com\/en\/wp-json\/wp\/v2\/pages\/135\/revisions\/5452"}],"wp:attachment":[{"href":"https:\/\/groupesierra.com\/en\/wp-json\/wp\/v2\/media?parent=135"}],"curies":[{"name":"wp","href":"https:\/\/api.w.org\/{rel}","templated":true}]}}