{"id":3911,"date":"2023-04-20T15:07:59","date_gmt":"2023-04-20T15:07:59","guid":{"rendered":"https:\/\/groupesierra.com\/?page_id=3911"},"modified":"2025-07-09T16:06:50","modified_gmt":"2025-07-09T16:06:50","slug":"nous-joindre","status":"publish","type":"page","link":"https:\/\/groupesierra.com\/en\/nous-joindre\/","title":{"rendered":"Contact us"},"content":{"rendered":"<style>.elementor-3911 .elementor-element.elementor-element-71c1d78f:not(.elementor-motion-effects-element-type-background), .elementor-3911 .elementor-element.elementor-element-71c1d78f > .elementor-motion-effects-container > .elementor-motion-effects-layer{background-image:url(\"https:\/\/groupesierra.com\/wp-content\/uploads\/2023\/05\/230405-Domaine-versailles_mod.jpg\");background-position:center center;background-size:cover;}.elementor-3911 .elementor-element.elementor-element-71c1d78f > .elementor-background-overlay{background-color:var( --e-global-color-text );opacity:0.58;transition:background 0.3s, border-radius 0.3s, opacity 0.3s;}.elementor-3911 .elementor-element.elementor-element-71c1d78f{transition:background 0.3s, border 0.3s, border-radius 0.3s, box-shadow 0.3s;padding:0px 300px 76px 300px;}.elementor-3911 .elementor-element.elementor-element-2fe9e4ff > .elementor-element-populated >  .elementor-background-overlay{opacity:1;}.elementor-3911 .elementor-element.elementor-element-2fe9e4ff > .elementor-element-populated{transition:background 0.3s, border 0.3s, border-radius 0.3s, box-shadow 0.3s;}.elementor-3911 .elementor-element.elementor-element-2fe9e4ff > .elementor-element-populated > .elementor-background-overlay{transition:background 0.3s, border-radius 0.3s, opacity 0.3s;}.elementor-3911 .elementor-element.elementor-element-6574520{text-align:center;}.elementor-3911 .elementor-element.elementor-element-6574520 .elementor-heading-title{font-family:\"Cormorant\", Sans-serif;font-size:65px;text-transform:uppercase;line-height:1.2em;letter-spacing:-3.5px;color:var( --e-global-color-4fe579b );}.elementor-3911 .elementor-element.elementor-element-6574520 > .elementor-widget-container{margin:60px 0px 5px 0px;}.elementor-3911 .elementor-element.elementor-element-654335b{--spacer-size:288px;}.elementor-3911 .elementor-element.elementor-element-6de35b4:not(.elementor-motion-effects-element-type-background), .elementor-3911 .elementor-element.elementor-element-6de35b4 > .elementor-motion-effects-container > .elementor-motion-effects-layer{background-color:var( --e-global-color-secondary );}.elementor-3911 .elementor-element.elementor-element-6de35b4{transition:background 0.3s, border 0.3s, border-radius 0.3s, box-shadow 0.3s;margin-top:-181px;margin-bottom:0px;}.elementor-3911 .elementor-element.elementor-element-6de35b4 > .elementor-background-overlay{transition:background 0.3s, border-radius 0.3s, opacity 0.3s;}.elementor-3911 .elementor-element.elementor-element-4a1e69f{--spacer-size:10px;}.elementor-3911 .elementor-element.elementor-element-b5ac26d:not(.elementor-motion-effects-element-type-background), .elementor-3911 .elementor-element.elementor-element-b5ac26d > .elementor-motion-effects-container > .elementor-motion-effects-layer{background-color:#314D64;}.elementor-3911 .elementor-element.elementor-element-b5ac26d{transition:background 0.3s, border 0.3s, border-radius 0.3s, box-shadow 0.3s;margin-top:0px;margin-bottom:0px;padding:0px 0px 160px 0px;z-index:1;}.elementor-3911 .elementor-element.elementor-element-b5ac26d > .elementor-background-overlay{transition:background 0.3s, border-radius 0.3s, opacity 0.3s;}.elementor-3911 .elementor-element.elementor-element-7f4c4f6{--spacer-size:56px;}.elementor-3911 .elementor-element.elementor-element-f9feabf{text-align:center;}.elementor-3911 .elementor-element.elementor-element-f9feabf .elementor-heading-title{font-family:\"Cormorant\", Sans-serif;color:#FFFFFF;}.elementor-3911 .elementor-element.elementor-element-f9feabf > .elementor-widget-container{margin:0px 0px 0px 0px;}.elementor-3911 .elementor-element.elementor-element-18cbe53{--spacer-size:56px;}.elementor-3911 .elementor-element.elementor-element-d3fcd66 .elementor-field-group{padding-right:calc( 20px\/2 );padding-left:calc( 20px\/2 );margin-bottom:20px;}.elementor-3911 .elementor-element.elementor-element-d3fcd66 .elementor-form-fields-wrapper{margin-left:calc( -20px\/2 );margin-right:calc( -20px\/2 );margin-bottom:-20px;}.elementor-3911 .elementor-element.elementor-element-d3fcd66 .elementor-field-group.recaptcha_v3-bottomleft, .elementor-3911 .elementor-element.elementor-element-d3fcd66 .elementor-field-group.recaptcha_v3-bottomright{margin-bottom:0;}body.rtl .elementor-3911 .elementor-element.elementor-element-d3fcd66 .elementor-labels-inline .elementor-field-group > label{padding-left:0px;}body:not(.rtl) .elementor-3911 .elementor-element.elementor-element-d3fcd66 .elementor-labels-inline .elementor-field-group > label{padding-right:0px;}body .elementor-3911 .elementor-element.elementor-element-d3fcd66 .elementor-labels-above .elementor-field-group > label{padding-bottom:0px;}.elementor-3911 .elementor-element.elementor-element-d3fcd66 .elementor-field-group > label, .elementor-3911 .elementor-element.elementor-element-d3fcd66 .elementor-field-subgroup label{color:#FFFFFF;}.elementor-3911 .elementor-element.elementor-element-d3fcd66 .elementor-field-group > label{font-family:\"Roboto\", Sans-serif;font-size:16px;line-height:28px;}.elementor-3911 .elementor-element.elementor-element-d3fcd66 .elementor-field-type-html{padding-bottom:0px;color:#FFFFFF;}.elementor-3911 .elementor-element.elementor-element-d3fcd66 .elementor-field-group .elementor-field{color:#314D64;}.elementor-3911 .elementor-element.elementor-element-d3fcd66 .elementor-field-group .elementor-field, .elementor-3911 .elementor-element.elementor-element-d3fcd66 .elementor-field-subgroup label{font-family:\"Roboto\", Sans-serif;font-size:16px;}.elementor-3911 .elementor-element.elementor-element-d3fcd66 .elementor-field-group .elementor-field:not(.elementor-select-wrapper){background-color:#FFFFFF;border-width:0px 0px 0px 0px;}.elementor-3911 .elementor-element.elementor-element-d3fcd66 .elementor-field-group .elementor-select-wrapper select{background-color:#FFFFFF;border-width:0px 0px 0px 0px;}.elementor-3911 .elementor-element.elementor-element-d3fcd66 .elementor-button{font-family:\"Roboto\", Sans-serif;border-style:solid;border-width:1px 1px 1px 1px;}.elementor-3911 .elementor-element.elementor-element-d3fcd66 .e-form__buttons__wrapper__button-next{background-color:#FFFFFF;color:var( --e-global-color-text );border-color:#FFFFFF;}.elementor-3911 .elementor-element.elementor-element-d3fcd66 .elementor-button[type=\"submit\"]{background-color:#FFFFFF;color:var( --e-global-color-text );border-color:#FFFFFF;}.elementor-3911 .elementor-element.elementor-element-d3fcd66 .elementor-button[type=\"submit\"] svg *{fill:var( --e-global-color-text );}.elementor-3911 .elementor-element.elementor-element-d3fcd66 .e-form__buttons__wrapper__button-previous{background-color:#FFFFFF;}.elementor-3911 .elementor-element.elementor-element-d3fcd66 .e-form__buttons__wrapper__button-next:hover{background-color:#FFFFFF;color:var( --e-global-color-primary );}.elementor-3911 .elementor-element.elementor-element-d3fcd66 .elementor-button[type=\"submit\"]:hover{background-color:#FFFFFF;color:var( --e-global-color-primary );}.elementor-3911 .elementor-element.elementor-element-d3fcd66 .elementor-button[type=\"submit\"]:hover svg *{fill:var( --e-global-color-primary );}.elementor-3911 .elementor-element.elementor-element-d3fcd66 .e-form__buttons__wrapper__button-previous:hover{background-color:#FFFFFF;color:#ffffff;}.elementor-3911 .elementor-element.elementor-element-d3fcd66{--e-form-steps-indicators-spacing:20px;--e-form-steps-indicator-padding:30px;--e-form-steps-indicator-inactive-secondary-color:#ffffff;--e-form-steps-indicator-active-secondary-color:#ffffff;--e-form-steps-indicator-completed-secondary-color:#ffffff;--e-form-steps-divider-width:1px;--e-form-steps-divider-gap:10px;}.elementor-3911 .elementor-element.elementor-element-18c121c9 iframe{height:530px;filter:brightness( 100% ) contrast( 100% ) saturate( 0% ) blur( 0px ) hue-rotate( 0deg );transition-duration:0.6s;}.elementor-3911 .elementor-element.elementor-element-18c121c9:hover iframe{filter:brightness( 100% ) contrast( 100% ) saturate( 100% ) blur( 0px ) hue-rotate( 0deg );}body.elementor-page-3911:not(.elementor-motion-effects-element-type-background), body.elementor-page-3911 > .elementor-motion-effects-container > .elementor-motion-effects-layer{background-color:var( --e-global-color-4fe579b );}@media(max-width:1024px){.elementor-3911 .elementor-element.elementor-element-71c1d78f{padding:200px 0px 0px 0px;}.elementor-3911 .elementor-element.elementor-element-f9feabf > .elementor-widget-container{margin:0px 0px 0px 0px;}.elementor-3911 .elementor-element.elementor-element-18c121c9 iframe{height:430px;}}@media(max-width:767px){.elementor-3911 .elementor-element.elementor-element-2fe9e4ff > .elementor-element-populated{padding:0px 0px 0px 0px;}.elementor-3911 .elementor-element.elementor-element-6574520 .elementor-heading-title{font-size:42px;}.elementor-3911 .elementor-element.elementor-element-6574520 > .elementor-widget-container{margin:0px 0px 0px 0px;}.elementor-3911 .elementor-element.elementor-element-4a1e69f{--spacer-size:0px;}.elementor-3911 .elementor-element.elementor-element-b5ac26d{padding:50px 0px 100px 0px;}.elementor-3911 .elementor-element.elementor-element-7f4c4f6{--spacer-size:5px;}.elementor-3911 .elementor-element.elementor-element-f9feabf .elementor-heading-title{font-size:42px;line-height:1em;}.elementor-3911 .elementor-element.elementor-element-18cbe53{--spacer-size:5px;}.elementor-3911 .elementor-element.elementor-element-18c121c9 iframe{height:330px;}}@media(min-width:768px){.elementor-3911 .elementor-element.elementor-element-2fe9e4ff{width:100%;}}<\/style>\t\t<div data-elementor-type=\"wp-page\" data-elementor-id=\"3911\" class=\"elementor elementor-3911\" data-elementor-post-type=\"page\">\n\t\t\t\t\t\t<section data-particle_enable=\"false\" data-particle-mobile-disabled=\"false\" class=\"elementor-section elementor-top-section elementor-element elementor-element-71c1d78f elementor-section-items-bottom elementor-section-height-full elementor-section-boxed elementor-section-height-default\" data-id=\"71c1d78f\" data-element_type=\"section\" data-e-type=\"section\" data-settings=\"{&quot;background_background&quot;:&quot;classic&quot;}\">\n\t\t\t\t\t\t\t<div class=\"elementor-background-overlay\"><\/div>\n\t\t\t\t\t\t\t<div class=\"elementor-container elementor-column-gap-default\">\n\t\t\t\t\t<div class=\"elementor-column elementor-col-100 elementor-top-column elementor-element elementor-element-2fe9e4ff\" data-id=\"2fe9e4ff\" data-element_type=\"column\" data-e-type=\"column\" data-settings=\"{&quot;background_background&quot;:&quot;classic&quot;}\">\n\t\t\t<div class=\"elementor-widget-wrap elementor-element-populated\">\n\t\t\t\t\t<div class=\"elementor-background-overlay\"><\/div>\n\t\t\t\t\t\t<div class=\"elementor-element elementor-element-6574520 animated-slow elementor-invisible elementor-widget elementor-widget-heading\" data-id=\"6574520\" data-element_type=\"widget\" data-e-type=\"widget\" data-settings=\"{&quot;_animation&quot;:&quot;fadeIn&quot;}\" data-widget_type=\"heading.default\">\n\t\t\t\t<div class=\"elementor-widget-container\">\n\t\t\t\t\t<h1 class=\"elementor-heading-title elementor-size-default\">Votre nouveau\n<br>mode de vie\n<br>commence ici<\/h1>\t\t\t\t<\/div>\n\t\t\t\t<\/div>\n\t\t\t\t<div class=\"elementor-element elementor-element-654335b elementor-widget elementor-widget-spacer\" data-id=\"654335b\" data-element_type=\"widget\" data-e-type=\"widget\" data-widget_type=\"spacer.default\">\n\t\t\t\t<div class=\"elementor-widget-container\">\n\t\t\t\t\t\t\t<div class=\"elementor-spacer\">\n\t\t\t<div class=\"elementor-spacer-inner\"><\/div>\n\t\t<\/div>\n\t\t\t\t\t\t<\/div>\n\t\t\t\t<\/div>\n\t\t\t\t\t<\/div>\n\t\t<\/div>\n\t\t\t\t\t<\/div>\n\t\t<\/section>\n\t\t\t\t<section data-particle_enable=\"false\" data-particle-mobile-disabled=\"false\" class=\"elementor-section elementor-top-section elementor-element elementor-element-6de35b4 elementor-section-boxed elementor-section-height-default elementor-section-height-default\" data-id=\"6de35b4\" data-element_type=\"section\" data-e-type=\"section\" data-settings=\"{&quot;background_background&quot;:&quot;classic&quot;}\">\n\t\t\t\t\t\t<div class=\"elementor-container elementor-column-gap-default\">\n\t\t\t\t\t<div class=\"elementor-column elementor-col-100 elementor-top-column elementor-element elementor-element-4097d3f\" data-id=\"4097d3f\" data-element_type=\"column\" data-e-type=\"column\">\n\t\t\t<div class=\"elementor-widget-wrap elementor-element-populated\">\n\t\t\t\t\t\t<div class=\"elementor-element elementor-element-4a1e69f elementor-widget elementor-widget-spacer\" data-id=\"4a1e69f\" data-element_type=\"widget\" data-e-type=\"widget\" data-widget_type=\"spacer.default\">\n\t\t\t\t<div class=\"elementor-widget-container\">\n\t\t\t\t\t\t\t<div class=\"elementor-spacer\">\n\t\t\t<div class=\"elementor-spacer-inner\"><\/div>\n\t\t<\/div>\n\t\t\t\t\t\t<\/div>\n\t\t\t\t<\/div>\n\t\t\t\t\t<\/div>\n\t\t<\/div>\n\t\t\t\t\t<\/div>\n\t\t<\/section>\n\t\t\t\t<section data-particle_enable=\"false\" data-particle-mobile-disabled=\"false\" class=\"elementor-section elementor-top-section elementor-element elementor-element-b5ac26d elementor-section-boxed elementor-section-height-default elementor-section-height-default\" data-id=\"b5ac26d\" data-element_type=\"section\" data-e-type=\"section\" data-settings=\"{&quot;background_background&quot;:&quot;classic&quot;}\">\n\t\t\t\t\t\t<div class=\"elementor-container elementor-column-gap-default\">\n\t\t\t\t\t<div class=\"elementor-column elementor-col-100 elementor-top-column elementor-element elementor-element-78dde63\" data-id=\"78dde63\" data-element_type=\"column\" data-e-type=\"column\">\n\t\t\t<div class=\"elementor-widget-wrap elementor-element-populated\">\n\t\t\t\t\t\t<div class=\"elementor-element elementor-element-7f4c4f6 elementor-widget elementor-widget-spacer\" data-id=\"7f4c4f6\" data-element_type=\"widget\" data-e-type=\"widget\" data-widget_type=\"spacer.default\">\n\t\t\t\t<div class=\"elementor-widget-container\">\n\t\t\t\t\t\t\t<div class=\"elementor-spacer\">\n\t\t\t<div class=\"elementor-spacer-inner\"><\/div>\n\t\t<\/div>\n\t\t\t\t\t\t<\/div>\n\t\t\t\t<\/div>\n\t\t\t\t<div class=\"elementor-element elementor-element-f9feabf elementor-widget elementor-widget-heading\" data-id=\"f9feabf\" data-element_type=\"widget\" data-e-type=\"widget\" data-widget_type=\"heading.default\">\n\t\t\t\t<div class=\"elementor-widget-container\">\n\t\t\t\t\t<h2 class=\"elementor-heading-title elementor-size-default\">Planifier une visite<\/h2>\t\t\t\t<\/div>\n\t\t\t\t<\/div>\n\t\t\t\t<div class=\"elementor-element elementor-element-18cbe53 elementor-widget elementor-widget-spacer\" data-id=\"18cbe53\" data-element_type=\"widget\" data-e-type=\"widget\" data-widget_type=\"spacer.default\">\n\t\t\t\t<div class=\"elementor-widget-container\">\n\t\t\t\t\t\t\t<div class=\"elementor-spacer\">\n\t\t\t<div class=\"elementor-spacer-inner\"><\/div>\n\t\t<\/div>\n\t\t\t\t\t\t<\/div>\n\t\t\t\t<\/div>\n\t\t\t\t<div class=\"elementor-element elementor-element-d3fcd66 elementor-button-align-stretch elementor-widget elementor-widget-form\" data-id=\"d3fcd66\" data-element_type=\"widget\" data-e-type=\"widget\" data-settings=\"{&quot;step_next_label&quot;:&quot;Next&quot;,&quot;step_previous_label&quot;:&quot;Previous&quot;,&quot;button_width&quot;:&quot;100&quot;,&quot;step_type&quot;:&quot;number_text&quot;,&quot;step_icon_shape&quot;:&quot;circle&quot;}\" data-widget_type=\"form.default\">\n\t\t\t\t<div class=\"elementor-widget-container\">\n\t\t\t\t\t\t\t<form class=\"elementor-form\" method=\"post\" name=\"Contact form\" aria-label=\"Contact form\">\n\t\t\t<input type=\"hidden\" name=\"post_id\" value=\"3911\"\/>\n\t\t\t<input type=\"hidden\" name=\"form_id\" value=\"d3fcd66\"\/>\n\t\t\t<input type=\"hidden\" name=\"referer_title\" value=\"Nous joindre &rarr; Groupe Sierra\" \/>\n\n\t\t\t\t\t\t\t<input type=\"hidden\" name=\"queried_id\" value=\"3911\"\/>\n\t\t\t\n\t\t\t<div class=\"elementor-form-fields-wrapper elementor-labels-above\">\n\t\t\t\t\t\t\t\t<div class=\"elementor-field-type-text elementor-field-group elementor-column elementor-field-group-name elementor-col-50 elementor-field-required\">\n\t\t\t\t\t\t\t\t\t\t\t\t\t<input size=\"1\" type=\"text\" name=\"form_fields[name]\" id=\"form-field-name\" class=\"elementor-field elementor-size-sm  elementor-field-textual\" placeholder=\"Pr\u00e9nom\" required=\"required\">\n\t\t\t\t\t\t\t\t\t\t\t<\/div>\n\t\t\t\t\t\t\t\t<div class=\"elementor-field-type-text elementor-field-group elementor-column elementor-field-group-field_45a7682 elementor-col-50 elementor-field-required\">\n\t\t\t\t\t\t\t\t\t\t\t\t\t<input size=\"1\" type=\"text\" name=\"form_fields[field_45a7682]\" id=\"form-field-field_45a7682\" class=\"elementor-field elementor-size-sm  elementor-field-textual\" placeholder=\"Nom\" required=\"required\">\n\t\t\t\t\t\t\t\t\t\t\t<\/div>\n\t\t\t\t\t\t\t\t<div class=\"elementor-field-type-tel elementor-field-group elementor-column elementor-field-group-email elementor-col-100 elementor-field-required\">\n\t\t\t\t\t\t\t<input size=\"1\" type=\"tel\" name=\"form_fields[email]\" id=\"form-field-email\" class=\"elementor-field elementor-size-sm  elementor-field-textual\" placeholder=\"Num\u00e9ro de t\u00e9l\u00e9phone\" required=\"required\" pattern=\"[0-9()#&amp;+*-=.]+\" title=\"Seuls les caract\u00e8res de num\u00e9ros de t\u00e9l\u00e9phone (#, -, *, etc.) sont accept\u00e9s.\">\n\n\t\t\t\t\t\t<\/div>\n\t\t\t\t\t\t\t\t<div class=\"elementor-field-type-email elementor-field-group elementor-column elementor-field-group-field_e10a003 elementor-col-100 elementor-field-required\">\n\t\t\t\t\t\t\t\t\t\t\t\t\t<input size=\"1\" type=\"email\" name=\"form_fields[field_e10a003]\" id=\"form-field-field_e10a003\" class=\"elementor-field elementor-size-sm  elementor-field-textual\" placeholder=\"Courriel\" required=\"required\">\n\t\t\t\t\t\t\t\t\t\t\t<\/div>\n\t\t\t\t\t\t\t\t<div class=\"elementor-field-type-select elementor-field-group elementor-column elementor-field-group-field_5ebb4a5 elementor-col-100 elementor-field-required\">\n\t\t\t\t\t\t\t\t\t\t\t\t<label for=\"form-field-field_5ebb4a5\" class=\"elementor-field-label\">\n\t\t\t\t\t\t\t\tRaison de votre demande\t\t\t\t\t\t\t<\/label>\n\t\t\t\t\t\t\t\t<div class=\"elementor-field elementor-select-wrapper remove-before \">\n\t\t\t<div class=\"select-caret-down-wrapper\">\n\t\t\t\t<i aria-hidden=\"true\" class=\"eicon-caret-down\"><\/i>\t\t\t<\/div>\n\t\t\t<select name=\"form_fields[field_5ebb4a5]\" id=\"form-field-field_5ebb4a5\" class=\"elementor-field-textual elementor-size-sm\" required=\"required\">\n\t\t\t\t\t\t\t\t\t<option value=\"Domaine des Hautes Sommets\">Domaine des Hautes Sommets<\/option>\n\t\t\t\t\t\t\t\t\t<option value=\"Domaine l&#039;Ultime\">Domaine l&#039;Ultime<\/option>\n\t\t\t\t\t\t\t\t\t<option value=\"Souhaite plus d&#039;informations\">Souhaite plus d&#039;informations<\/option>\n\t\t\t\t\t\t\t\t\t<option value=\"Autre\">Autre<\/option>\n\t\t\t\t\t\t\t<\/select>\n\t\t<\/div>\n\t\t\t\t\t\t<\/div>\n\t\t\t\t\t\t\t\t<div class=\"elementor-field-type-textarea elementor-field-group elementor-column elementor-field-group-message elementor-col-100\">\n\t\t\t\t\t<textarea class=\"elementor-field-textual elementor-field  elementor-size-sm\" name=\"form_fields[message]\" id=\"form-field-message\" rows=\"4\" placeholder=\"Message\"><\/textarea>\t\t\t\t<\/div>\n\t\t\t\t\t\t\t\t<div class=\"elementor-field-type-text\">\n\t\t\t\t\t<input size=\"1\" type=\"text\" name=\"form_fields[field_c2c9d02]\" id=\"form-field-field_c2c9d02\" class=\"elementor-field elementor-size-sm \" style=\"display:none !important;\">\t\t\t\t<\/div>\n\t\t\t\t\t\t\t\t<div class=\"elementor-field-type-recaptcha_v3 elementor-field-group elementor-column elementor-field-group-field_973aa22 elementor-col-100 recaptcha_v3-inline\">\n\t\t\t\t\t<div class=\"elementor-field\" id=\"form-field-field_973aa22\"><div class=\"elementor-g-recaptcha\" data-sitekey=\"6LdDXbgqAAAAAD8-2YutDffSo_Lf86WIYa3e5JxK\" data-type=\"v3\" data-action=\"Form\" data-badge=\"inline\" data-size=\"invisible\"><\/div><\/div>\t\t\t\t<\/div>\n\t\t\t\t\t\t\t\t<div class=\"elementor-field-group elementor-column elementor-field-type-submit elementor-col-100 e-form__buttons\">\n\t\t\t\t\t<button class=\"elementor-button elementor-size-sm\" type=\"submit\">\n\t\t\t\t\t\t<span class=\"elementor-button-content-wrapper\">\n\t\t\t\t\t\t\t\t\t\t\t\t\t\t\t\t\t\t\t\t\t\t<span class=\"elementor-button-text\">Envoyer<\/span>\n\t\t\t\t\t\t\t\t\t\t\t\t\t<\/span>\n\t\t\t\t\t<\/button>\n\t\t\t\t<\/div>\n\t\t\t<\/div>\n\t\t<\/form>\n\t\t\t\t\t\t<\/div>\n\t\t\t\t<\/div>\n\t\t\t\t\t<\/div>\n\t\t<\/div>\n\t\t\t\t\t<\/div>\n\t\t<\/section>\n\t\t\t\t<section data-particle_enable=\"false\" data-particle-mobile-disabled=\"false\" class=\"elementor-section elementor-top-section elementor-element elementor-element-414ec608 elementor-section-full_width elementor-section-height-default elementor-section-height-default\" data-id=\"414ec608\" data-element_type=\"section\" data-e-type=\"section\">\n\t\t\t\t\t\t<div class=\"elementor-container elementor-column-gap-no\">\n\t\t\t\t\t<div class=\"elementor-column elementor-col-100 elementor-top-column elementor-element elementor-element-5468500c\" data-id=\"5468500c\" data-element_type=\"column\" data-e-type=\"column\">\n\t\t\t<div class=\"elementor-widget-wrap elementor-element-populated\">\n\t\t\t\t\t\t<div class=\"elementor-element elementor-element-18c121c9 elementor-widget elementor-widget-google_maps\" data-id=\"18c121c9\" data-element_type=\"widget\" data-e-type=\"widget\" data-widget_type=\"google_maps.default\">\n\t\t\t\t<div class=\"elementor-widget-container\">\n\t\t\t\t\t\t\t<div class=\"elementor-custom-embed\">\n\t\t\t<iframe loading=\"lazy\"\n\t\t\t\t\tsrc=\"https:\/\/maps.google.com\/maps?q=581%20chemin%20notre%20dame%20de%20la%20merci%20st%20come&#038;t=m&#038;z=14&#038;output=embed&#038;iwloc=near\"\n\t\t\t\t\ttitle=\"581 chemin notre dame de la merci st come\"\n\t\t\t\t\taria-label=\"581 chemin notre dame de la merci st come\"\n\t\t\t><\/iframe>\n\t\t<\/div>\n\t\t\t\t\t\t<\/div>\n\t\t\t\t<\/div>\n\t\t\t\t\t<\/div>\n\t\t<\/div>\n\t\t\t\t\t<\/div>\n\t\t<\/section>\n\t\t\t\t<\/div>\n\t\t","protected":false},"excerpt":{"rendered":"<p>Votre nouveau mode de vie commence ici Planifier une visite<\/p>","protected":false},"author":12,"featured_media":0,"parent":0,"menu_order":0,"comment_status":"closed","ping_status":"closed","template":"","meta":{"footnotes":""},"class_list":["post-3911","page","type-page","status-publish","hentry"],"_links":{"self":[{"href":"https:\/\/groupesierra.com\/en\/wp-json\/wp\/v2\/pages\/3911","targetHints":{"allow":["GET"]}}],"collection":[{"href":"https:\/\/groupesierra.com\/en\/wp-json\/wp\/v2\/pages"}],"about":[{"href":"https:\/\/groupesierra.com\/en\/wp-json\/wp\/v2\/types\/page"}],"author":[{"embeddable":true,"href":"https:\/\/groupesierra.com\/en\/wp-json\/wp\/v2\/users\/12"}],"replies":[{"embeddable":true,"href":"https:\/\/groupesierra.com\/en\/wp-json\/wp\/v2\/comments?post=3911"}],"version-history":[{"count":74,"href":"https:\/\/groupesierra.com\/en\/wp-json\/wp\/v2\/pages\/3911\/revisions"}],"predecessor-version":[{"id":5639,"href":"https:\/\/groupesierra.com\/en\/wp-json\/wp\/v2\/pages\/3911\/revisions\/5639"}],"wp:attachment":[{"href":"https:\/\/groupesierra.com\/en\/wp-json\/wp\/v2\/media?parent=3911"}],"curies":[{"name":"wp","href":"https:\/\/api.w.org\/{rel}","templated":true}]}}