{"id":4674,"date":"2023-07-13T13:31:48","date_gmt":"2023-07-13T13:31:48","guid":{"rendered":"https:\/\/groupesierra.com\/?page_id=4674"},"modified":"2023-07-13T18:37:55","modified_gmt":"2023-07-13T18:37:55","slug":"opportunite-ty","status":"publish","type":"page","link":"https:\/\/groupesierra.com\/en\/opportunite-ty\/","title":{"rendered":"Nouvelle Opportunit\u00e9 &#8211; Thank You Page"},"content":{"rendered":"<style>.elementor-4674 .elementor-element.elementor-element-ec7e421 > .elementor-container{max-width:1353px;}.elementor-4674 .elementor-element.elementor-element-ec7e421{margin-top:50px;margin-bottom:0px;}.elementor-4674 .elementor-element.elementor-element-b352a31 > .elementor-element-populated{margin:50px 0px 0px 0px;--e-column-margin-right:0px;--e-column-margin-left:0px;}.elementor-4674 .elementor-element.elementor-element-be0ea04{text-align:center;}.elementor-4674 .elementor-element.elementor-element-be0ea04 .elementor-heading-title{color:var( --e-global-color-text );}.elementor-4674 .elementor-element.elementor-element-8576e0c{text-align:center;}.elementor-4674 .elementor-element.elementor-element-8576e0c .elementor-heading-title{font-family:\"Poppins\", Sans-serif;font-size:50px;font-weight:300;line-height:55px;}.elementor-4674 .elementor-element.elementor-element-8576e0c > .elementor-widget-container{margin:-5px 0px 0px 0px;}.elementor-4674 .elementor-element.elementor-element-dd7a857{text-align:center;}.elementor-4674 .elementor-element.elementor-element-dd7a857 .elementor-heading-title{color:var( --e-global-color-text );}.elementor-4674 .elementor-element.elementor-element-0f05188 .elementor-button{fill:var( --e-global-color-secondary );color:var( --e-global-color-secondary );border-style:solid;border-color:var( --e-global-color-secondary );}.elementor-4674 .elementor-element.elementor-element-0f05188 .elementor-button:hover, .elementor-4674 .elementor-element.elementor-element-0f05188 .elementor-button:focus{color:var( --e-global-color-4fe579b );background-color:var( --e-global-color-secondary );}.elementor-4674 .elementor-element.elementor-element-0f05188 .elementor-button:hover svg, .elementor-4674 .elementor-element.elementor-element-0f05188 .elementor-button:focus svg{fill:var( --e-global-color-4fe579b );}body.elementor-page-4674:not(.elementor-motion-effects-element-type-background), body.elementor-page-4674 > .elementor-motion-effects-container > .elementor-motion-effects-layer{background-color:#FAF1DC94;}@media(max-width:767px){.elementor-4674 .elementor-element.elementor-element-8576e0c .elementor-heading-title{font-size:22px;line-height:1.4em;}.elementor-4674 .elementor-element.elementor-element-0f05188 .elementor-button{border-width:2px 2px 2px 2px;border-radius:8px 8px 8px 8px;}}<\/style>\t\t<div data-elementor-type=\"wp-page\" data-elementor-id=\"4674\" class=\"elementor elementor-4674\" data-elementor-post-type=\"page\">\n\t\t\t\t\t\t<section data-particle_enable=\"false\" data-particle-mobile-disabled=\"false\" class=\"elementor-section elementor-top-section elementor-element elementor-element-ec7e421 elementor-section-boxed elementor-section-height-default elementor-section-height-default\" data-id=\"ec7e421\" data-element_type=\"section\" data-e-type=\"section\">\n\t\t\t\t\t\t<div class=\"elementor-container elementor-column-gap-default\">\n\t\t\t\t\t<div class=\"elementor-column elementor-col-100 elementor-top-column elementor-element elementor-element-b352a31\" data-id=\"b352a31\" data-element_type=\"column\" data-e-type=\"column\">\n\t\t\t<div class=\"elementor-widget-wrap elementor-element-populated\">\n\t\t\t\t\t\t<div class=\"elementor-element elementor-element-be0ea04 elementor-widget elementor-widget-heading\" data-id=\"be0ea04\" data-element_type=\"widget\" data-e-type=\"widget\" data-widget_type=\"heading.default\">\n\t\t\t\t<div class=\"elementor-widget-container\">\n\t\t\t\t\t<h5 class=\"elementor-heading-title elementor-size-default\"><b>F\u00c9LICITATION<\/b><\/h5>\t\t\t\t<\/div>\n\t\t\t\t<\/div>\n\t\t\t\t<div class=\"elementor-element elementor-element-8576e0c elementor-widget elementor-widget-heading\" data-id=\"8576e0c\" data-element_type=\"widget\" data-e-type=\"widget\" data-widget_type=\"heading.default\">\n\t\t\t\t<div class=\"elementor-widget-container\">\n\t\t\t\t\t<h2 class=\"elementor-heading-title elementor-size-default\">Votre inscription au d\u00e9voilement est confirm\u00e9E !<\/h2>\t\t\t\t<\/div>\n\t\t\t\t<\/div>\n\t\t\t\t<div class=\"elementor-element elementor-element-dd7a857 elementor-widget elementor-widget-heading\" data-id=\"dd7a857\" data-element_type=\"widget\" data-e-type=\"widget\" data-widget_type=\"heading.default\">\n\t\t\t\t<div class=\"elementor-widget-container\">\n\t\t\t\t\t<h5 class=\"elementor-heading-title elementor-size-default\">- LE LUNDI 17 JUILLET 2023 \u00c0 19H00 -<\/h5>\t\t\t\t<\/div>\n\t\t\t\t<\/div>\n\t\t\t\t<div class=\"elementor-element elementor-element-660f929 elementor-widget elementor-widget-image\" data-id=\"660f929\" data-element_type=\"widget\" data-e-type=\"widget\" data-widget_type=\"image.default\">\n\t\t\t\t<div class=\"elementor-widget-container\">\n\t\t\t\t\t\t\t\t\t\t\t\t\t\t\t<img fetchpriority=\"high\" decoding=\"async\" width=\"800\" height=\"450\" src=\"https:\/\/groupesierra.com\/wp-content\/uploads\/2023\/07\/nouvelleopportunite-1024x576.jpeg\" class=\"attachment-large size-large wp-image-4635\" alt=\"\" srcset=\"https:\/\/groupesierra.com\/wp-content\/uploads\/2023\/07\/nouvelleopportunite-1024x576.jpeg 1024w, https:\/\/groupesierra.com\/wp-content\/uploads\/2023\/07\/nouvelleopportunite-300x169.jpeg 300w, https:\/\/groupesierra.com\/wp-content\/uploads\/2023\/07\/nouvelleopportunite-768x432.jpeg 768w, https:\/\/groupesierra.com\/wp-content\/uploads\/2023\/07\/nouvelleopportunite-1536x864.jpeg 1536w, https:\/\/groupesierra.com\/wp-content\/uploads\/2023\/07\/nouvelleopportunite.jpeg 1920w\" sizes=\"(max-width: 800px) 100vw, 800px\" \/>\t\t\t\t\t\t\t\t\t\t\t\t\t\t\t<\/div>\n\t\t\t\t<\/div>\n\t\t\t\t<div class=\"elementor-element elementor-element-0f05188 elementor-align-center elementor-mobile-align-center elementor-widget elementor-widget-button\" data-id=\"0f05188\" data-element_type=\"widget\" data-e-type=\"widget\" data-widget_type=\"button.default\">\n\t\t\t\t<div class=\"elementor-widget-container\">\n\t\t\t\t\t\t\t\t\t<div class=\"elementor-button-wrapper\">\n\t\t\t\t\t<a class=\"elementor-button elementor-button-link elementor-size-xl\" href=\"https:\/\/groupesierra.com\/en\/\">\n\t\t\t\t\t\t<span class=\"elementor-button-content-wrapper\">\n\t\t\t\t\t\t\t\t\t<span class=\"elementor-button-text\">Continuer<\/span>\n\t\t\t\t\t<\/span>\n\t\t\t\t\t<\/a>\n\t\t\t\t<\/div>\n\t\t\t\t\t\t\t\t<\/div>\n\t\t\t\t<\/div>\n\t\t\t\t\t<\/div>\n\t\t<\/div>\n\t\t\t\t\t<\/div>\n\t\t<\/section>\n\t\t\t\t<\/div>","protected":false},"excerpt":{"rendered":"<p>F\u00c9LICITATION Votre inscription au d\u00e9voilement est confirm\u00e9E ! &#8211; LE LUNDI 17 JUILLET 2023 \u00c0 19H00 &#8211; Continuer<\/p>","protected":false},"author":4,"featured_media":4635,"parent":0,"menu_order":0,"comment_status":"closed","ping_status":"closed","template":"elementor_canvas","meta":{"footnotes":""},"class_list":["post-4674","page","type-page","status-publish","has-post-thumbnail","hentry"],"_links":{"self":[{"href":"https:\/\/groupesierra.com\/en\/wp-json\/wp\/v2\/pages\/4674","targetHints":{"allow":["GET"]}}],"collection":[{"href":"https:\/\/groupesierra.com\/en\/wp-json\/wp\/v2\/pages"}],"about":[{"href":"https:\/\/groupesierra.com\/en\/wp-json\/wp\/v2\/types\/page"}],"author":[{"embeddable":true,"href":"https:\/\/groupesierra.com\/en\/wp-json\/wp\/v2\/users\/4"}],"replies":[{"embeddable":true,"href":"https:\/\/groupesierra.com\/en\/wp-json\/wp\/v2\/comments?post=4674"}],"version-history":[{"count":29,"href":"https:\/\/groupesierra.com\/en\/wp-json\/wp\/v2\/pages\/4674\/revisions"}],"predecessor-version":[{"id":4805,"href":"https:\/\/groupesierra.com\/en\/wp-json\/wp\/v2\/pages\/4674\/revisions\/4805"}],"wp:featuredmedia":[{"embeddable":true,"href":"https:\/\/groupesierra.com\/en\/wp-json\/wp\/v2\/media\/4635"}],"wp:attachment":[{"href":"https:\/\/groupesierra.com\/en\/wp-json\/wp\/v2\/media?parent=4674"}],"curies":[{"name":"wp","href":"https:\/\/api.w.org\/{rel}","templated":true}]}}